{"id":19578,"date":"2025-01-18T16:18:36","date_gmt":"2025-01-18T16:18:36","guid":{"rendered":"https:\/\/acourtofalsacesart.com\/?post_type=product&#038;p=19578"},"modified":"2025-02-13T21:33:12","modified_gmt":"2025-02-13T21:33:12","slug":"magnetic-bookmark-xaden-riorson-version-chibi","status":"publish","type":"product","link":"https:\/\/acourtofalsacesart.com\/index.php\/producto\/magnetic-bookmark-xaden-riorson-version-chibi\/","title":{"rendered":"Magnetic bookmark  Xaden Riorson versi\u00f3n chibi."},"content":{"rendered":"<p>Marca magn\u00e9tico Xaden Riorson versi\u00f3n chibi.<\/p>\n","protected":false},"excerpt":{"rendered":"<p>Marca magn\u00e9tico Xaden Riorson versi\u00f3n chibi.<\/p>\n","protected":false},"featured_media":19721,"comment_status":"open","ping_status":"closed","template":"","meta":{"_mo_disable_npp":""},"product_brand":[],"product_cat":[2174,278,2171],"product_tag":[],"class_list":{"0":"post-19578","1":"product","2":"type-product","3":"status-publish","4":"has-post-thumbnail","6":"product_cat-coleccion-fourth-wing","7":"product_cat-ma","8":"product_cat-shop-update-enero-2025","10":"first","11":"instock","12":"taxable","13":"shipping-taxable","14":"purchasable","15":"product-type-simple"},"_links":{"self":[{"href":"https:\/\/acourtofalsacesart.com\/index.php\/wp-json\/wp\/v2\/product\/19578","targetHints":{"allow":["GET"]}}],"collection":[{"href":"https:\/\/acourtofalsacesart.com\/index.php\/wp-json\/wp\/v2\/product"}],"about":[{"href":"https:\/\/acourtofalsacesart.com\/index.php\/wp-json\/wp\/v2\/types\/product"}],"replies":[{"embeddable":true,"href":"https:\/\/acourtofalsacesart.com\/index.php\/wp-json\/wp\/v2\/comments?post=19578"}],"wp:featuredmedia":[{"embeddable":true,"href":"https:\/\/acourtofalsacesart.com\/index.php\/wp-json\/wp\/v2\/media\/19721"}],"wp:attachment":[{"href":"https:\/\/acourtofalsacesart.com\/index.php\/wp-json\/wp\/v2\/media?parent=19578"}],"wp:term":[{"taxonomy":"product_brand","embeddable":true,"href":"https:\/\/acourtofalsacesart.com\/index.php\/wp-json\/wp\/v2\/product_brand?post=19578"},{"taxonomy":"product_cat","embeddable":true,"href":"https:\/\/acourtofalsacesart.com\/index.php\/wp-json\/wp\/v2\/product_cat?post=19578"},{"taxonomy":"product_tag","embeddable":true,"href":"https:\/\/acourtofalsacesart.com\/index.php\/wp-json\/wp\/v2\/product_tag?post=19578"}],"curies":[{"name":"wp","href":"https:\/\/api.w.org\/{rel}","templated":true}]}}