{"id":19394,"date":"2024-12-14T18:19:07","date_gmt":"2024-12-14T18:19:07","guid":{"rendered":"https:\/\/acourtofalsacesart.com\/?post_type=product&#038;p=19394"},"modified":"2025-03-26T20:31:22","modified_gmt":"2025-03-26T20:31:22","slug":"preorder-a-kiss-for-christmas-feysand-booksleeve","status":"publish","type":"product","link":"https:\/\/acourtofalsacesart.com\/index.php\/producto\/preorder-a-kiss-for-christmas-feysand-booksleeve\/","title":{"rendered":"PREORDER \u00bbA kiss for Christmas\u00ab \u2013 Feysand booksleeve"},"content":{"rendered":"<p>PREORDER \u00bbManon Blackbeak\u00bb booksleeve<\/p>\n<p><strong>PREVENTA<\/strong> fundas literarias, tama\u00f1o grande.<\/p>\n<p><strong>IMPORTANTE<\/strong><\/p>\n<p><em>Medidas<\/em>:<\/p>\n<p>Tama\u00f1o grande: 27&#215;23<\/p>\n<p><strong>TIEMPO DE PREPARACI\u00d3N<\/strong>: 2\/5 SEMANAS. Una vez la proveedora me las mande, avisar\u00eda por las stories de Insta y las enviar\u00eda una vez me lleguen.<\/p>\n<p><strong>Este es un objeto en preventa, hecho bajo pedido, por lo que el tiempo de producci\u00f3n podr\u00e1 variar, ya que la producci\u00f3n de este es externa. Actualizamos la llegada de las preventas en las stories de Instagram apenas nos llegan.\u00a0<\/strong><\/p>\n<p><strong>Cualquier duda, la responder\u00e9 por mail, o DM.\u00a0<\/strong><\/p>\n","protected":false},"excerpt":{"rendered":"<p>PREORDER \u00bbManon Blackbeak\u00bb booksleeve PREVENTA fundas literarias, tama\u00f1o grande. IMPORTANTE Medidas: Tama\u00f1o grande: 27&#215;23 TIEMPO DE PREPARACI\u00d3N: 2\/5 SEMANAS. Una vez la proveedora me las mande, avisar\u00eda por las stories de Insta y las enviar\u00eda una vez me lleguen. Este es un objeto en preventa, hecho bajo pedido, por lo [&hellip;]<\/p>\n","protected":false},"featured_media":19333,"comment_status":"open","ping_status":"closed","template":"","meta":{"_mo_disable_npp":""},"product_brand":[],"product_cat":[1294,1772,1267,2153],"product_tag":[],"class_list":{"0":"post-19394","1":"product","2":"type-product","3":"status-publish","4":"has-post-thumbnail","6":"product_cat-booksleeve","7":"product_cat-novedades","8":"product_cat-preventas","9":"product_cat-shop-update-diciembre-2024","11":"first","12":"instock","13":"taxable","14":"shipping-taxable","15":"purchasable","16":"product-type-simple"},"_links":{"self":[{"href":"https:\/\/acourtofalsacesart.com\/index.php\/wp-json\/wp\/v2\/product\/19394","targetHints":{"allow":["GET"]}}],"collection":[{"href":"https:\/\/acourtofalsacesart.com\/index.php\/wp-json\/wp\/v2\/product"}],"about":[{"href":"https:\/\/acourtofalsacesart.com\/index.php\/wp-json\/wp\/v2\/types\/product"}],"replies":[{"embeddable":true,"href":"https:\/\/acourtofalsacesart.com\/index.php\/wp-json\/wp\/v2\/comments?post=19394"}],"wp:featuredmedia":[{"embeddable":true,"href":"https:\/\/acourtofalsacesart.com\/index.php\/wp-json\/wp\/v2\/media\/19333"}],"wp:attachment":[{"href":"https:\/\/acourtofalsacesart.com\/index.php\/wp-json\/wp\/v2\/media?parent=19394"}],"wp:term":[{"taxonomy":"product_brand","embeddable":true,"href":"https:\/\/acourtofalsacesart.com\/index.php\/wp-json\/wp\/v2\/product_brand?post=19394"},{"taxonomy":"product_cat","embeddable":true,"href":"https:\/\/acourtofalsacesart.com\/index.php\/wp-json\/wp\/v2\/product_cat?post=19394"},{"taxonomy":"product_tag","embeddable":true,"href":"https:\/\/acourtofalsacesart.com\/index.php\/wp-json\/wp\/v2\/product_tag?post=19394"}],"curies":[{"name":"wp","href":"https:\/\/api.w.org\/{rel}","templated":true}]}}