{"id":19272,"date":"2024-12-14T17:38:31","date_gmt":"2024-12-14T17:38:31","guid":{"rendered":"https:\/\/acourtofalsacesart.com\/?post_type=product&#038;p=19272"},"modified":"2026-02-14T18:33:05","modified_gmt":"2026-02-14T18:33:05","slug":"powerless-mini-collection-keychain-prints-and-more","status":"publish","type":"product","link":"https:\/\/acourtofalsacesart.com\/index.php\/producto\/powerless-mini-collection-keychain-prints-and-more\/","title":{"rendered":"POWERLESS Mini collection &#8211; Keychain, prints and more."},"content":{"rendered":"<p>POWERLESS Mini collection &#8211; Keychain, prints and more.<\/p>\n<p>Mini colecci\u00f3n Powerless.<\/p>\n<ul>\n<li>Llavero de 6cm con epoxy.<\/li>\n<li>Marca magn\u00e9tico de la pareja con efecto glitter.<\/li>\n<li>Marca en forma de libro de Paedyn.<\/li>\n<li>L\u00e1mina A5 de Pae y Kai.<\/li>\n<\/ul>\n","protected":false},"excerpt":{"rendered":"<p>POWERLESS Mini collection &#8211; Keychain, prints and more. Mini colecci\u00f3n Powerless. Llavero de 6cm con epoxy. Marca magn\u00e9tico de la pareja con efecto glitter. Marca en forma de libro de Paedyn. L\u00e1mina A5 de Pae y Kai.<\/p>\n","protected":false},"featured_media":19320,"comment_status":"open","ping_status":"closed","template":"","meta":{"_mo_disable_npp":""},"product_brand":[],"product_cat":[1966,1772,2153],"product_tag":[],"class_list":{"0":"post-19272","1":"product","2":"type-product","3":"status-publish","4":"has-post-thumbnail","6":"product_cat-wooden-stationery","7":"product_cat-novedades","8":"product_cat-shop-update-diciembre-2024","10":"first","11":"instock","12":"taxable","13":"shipping-taxable","14":"purchasable","15":"product-type-variable"},"_links":{"self":[{"href":"https:\/\/acourtofalsacesart.com\/index.php\/wp-json\/wp\/v2\/product\/19272","targetHints":{"allow":["GET"]}}],"collection":[{"href":"https:\/\/acourtofalsacesart.com\/index.php\/wp-json\/wp\/v2\/product"}],"about":[{"href":"https:\/\/acourtofalsacesart.com\/index.php\/wp-json\/wp\/v2\/types\/product"}],"replies":[{"embeddable":true,"href":"https:\/\/acourtofalsacesart.com\/index.php\/wp-json\/wp\/v2\/comments?post=19272"}],"wp:featuredmedia":[{"embeddable":true,"href":"https:\/\/acourtofalsacesart.com\/index.php\/wp-json\/wp\/v2\/media\/19320"}],"wp:attachment":[{"href":"https:\/\/acourtofalsacesart.com\/index.php\/wp-json\/wp\/v2\/media?parent=19272"}],"wp:term":[{"taxonomy":"product_brand","embeddable":true,"href":"https:\/\/acourtofalsacesart.com\/index.php\/wp-json\/wp\/v2\/product_brand?post=19272"},{"taxonomy":"product_cat","embeddable":true,"href":"https:\/\/acourtofalsacesart.com\/index.php\/wp-json\/wp\/v2\/product_cat?post=19272"},{"taxonomy":"product_tag","embeddable":true,"href":"https:\/\/acourtofalsacesart.com\/index.php\/wp-json\/wp\/v2\/product_tag?post=19272"}],"curies":[{"name":"wp","href":"https:\/\/api.w.org\/{rel}","templated":true}]}}