{"id":19222,"date":"2024-12-04T13:28:22","date_gmt":"2024-12-04T13:28:22","guid":{"rendered":"https:\/\/acourtofalsacesart.com\/?post_type=product&#038;p=19222"},"modified":"2026-01-29T14:16:07","modified_gmt":"2026-01-29T14:16:07","slug":"preventa-fundas-literarias-tamano-grande","status":"publish","type":"product","link":"https:\/\/acourtofalsacesart.com\/index.php\/producto\/preventa-fundas-literarias-tamano-grande\/","title":{"rendered":"PREVENTA fundas literarias, tama\u00f1o grande."},"content":{"rendered":"<p><strong>PREVENTA<\/strong> fundas literarias, tama\u00f1o grande y tama\u00f1o e-book.<\/p>\n<p><strong>IMPORTANTE<\/strong><\/p>\n<p><em>Medidas<\/em>:<\/p>\n<p>Tama\u00f1o grande: 28&#215;24<\/p>\n<p>Pod\u00e9is personalizarla con cualquier dise\u00f1o disponible.<\/p>\n<p><strong>TIEMPO DE PREPARACI\u00d3N<\/strong>: 2\/3 SEMANAS aprox. Una vez la proveedora me las mande, avisar\u00eda por las stories de Insta y las enviar\u00eda una vez me lleguen.<\/p>\n<p><strong>DISE\u00d1OS<\/strong>:<\/p>\n<p>Dejad en notas el modelo de funda que quer\u00e1is, si el dise\u00f1o que quer\u00e9is est\u00e1 entre el catalogo, dejad en notas el n\u00famero correspondiente al dise\u00f1o que quer\u00e9is. POR EJEMPLO: Si el dise\u00f1o 1 corresponde al modelo de Feyre con la daga, dejad en notas, quiero la funda con el dise\u00f1o 1.<\/p>\n<p>Si quer\u00e9is dos dise\u00f1os diferentes en una misma funda, uno en cada cara. ten\u00e9is que dejar en notas los dos dise\u00f1os que quer\u00e9is que tenga la funda, en caso de que quer\u00e1is el mismo dise\u00f1o en ambas caras, dejadlo en notas como sale en el ejemplo.<\/p>\n<p>Si el dise\u00f1o que quer\u00e9is no est\u00e1 en el cat\u00e1logo, pod\u00e9is dejarme una nota con cual es el que quer\u00e9is, y sino, me lo pod\u00e9is indicar por Instagram. Por ej, dise\u00f1o de la l\u00e1mina de Cress y Thorne.<\/p>\n","protected":false},"excerpt":{"rendered":"<p>PREVENTA fundas literarias, tama\u00f1o grande y tama\u00f1o e-book. IMPORTANTE Medidas: Tama\u00f1o grande: 28&#215;24 Pod\u00e9is personalizarla con cualquier dise\u00f1o disponible. TIEMPO DE PREPARACI\u00d3N: 2\/3 SEMANAS aprox. Una vez la proveedora me las mande, avisar\u00eda por las stories de Insta y las enviar\u00eda una vez me lleguen. DISE\u00d1OS: Dejad en notas el [&hellip;]<\/p>\n","protected":false},"featured_media":18640,"comment_status":"open","ping_status":"closed","template":"","meta":{"_mo_disable_npp":""},"product_brand":[],"product_cat":[1294,1267,2153],"product_tag":[],"class_list":{"0":"post-19222","1":"product","2":"type-product","3":"status-publish","4":"has-post-thumbnail","6":"product_cat-booksleeve","7":"product_cat-preventas","8":"product_cat-shop-update-diciembre-2024","10":"first","11":"instock","12":"taxable","13":"shipping-taxable","14":"purchasable","15":"product-type-simple"},"_links":{"self":[{"href":"https:\/\/acourtofalsacesart.com\/index.php\/wp-json\/wp\/v2\/product\/19222","targetHints":{"allow":["GET"]}}],"collection":[{"href":"https:\/\/acourtofalsacesart.com\/index.php\/wp-json\/wp\/v2\/product"}],"about":[{"href":"https:\/\/acourtofalsacesart.com\/index.php\/wp-json\/wp\/v2\/types\/product"}],"replies":[{"embeddable":true,"href":"https:\/\/acourtofalsacesart.com\/index.php\/wp-json\/wp\/v2\/comments?post=19222"}],"wp:featuredmedia":[{"embeddable":true,"href":"https:\/\/acourtofalsacesart.com\/index.php\/wp-json\/wp\/v2\/media\/18640"}],"wp:attachment":[{"href":"https:\/\/acourtofalsacesart.com\/index.php\/wp-json\/wp\/v2\/media?parent=19222"}],"wp:term":[{"taxonomy":"product_brand","embeddable":true,"href":"https:\/\/acourtofalsacesart.com\/index.php\/wp-json\/wp\/v2\/product_brand?post=19222"},{"taxonomy":"product_cat","embeddable":true,"href":"https:\/\/acourtofalsacesart.com\/index.php\/wp-json\/wp\/v2\/product_cat?post=19222"},{"taxonomy":"product_tag","embeddable":true,"href":"https:\/\/acourtofalsacesart.com\/index.php\/wp-json\/wp\/v2\/product_tag?post=19222"}],"curies":[{"name":"wp","href":"https:\/\/api.w.org\/{rel}","templated":true}]}}