{"id":18941,"date":"2024-11-16T20:31:40","date_gmt":"2024-11-16T20:31:40","guid":{"rendered":"https:\/\/acourtofalsacesart.com\/?post_type=product&#038;p=18941"},"modified":"2025-09-18T12:26:04","modified_gmt":"2025-09-18T12:26:04","slug":"bookish-cushion-funda-de-cojin-literaria","status":"publish","type":"product","link":"https:\/\/acourtofalsacesart.com\/index.php\/producto\/bookish-cushion-funda-de-cojin-literaria\/","title":{"rendered":"Bookish Cushion &#8211; Funda de coj\u00edn literaria."},"content":{"rendered":"<p>TAMA\u00d1O: 40X40CM.<\/p>\n<p>CARACTER\u00cdSTICAS: IMPRESA A UNA CARA, A COLOR.<\/p>\n<p>ESPECIFICACIONES: SE VENDE S\u00d3LO LA FUNDA DE COJ\u00cdN, SI QUIERES A\u00d1ADIR EL RELLENO, A\u00d1ADE A TU PEDIDO LA OPCI\u00d3N DE RELLENO DE COJ\u00cdN (SI S\u00d3LO ESCOGES EST\u00c1 OPCI\u00d3N, NO SE PODR\u00c1 EFECTUAR EL PEDIDO, TENDR\u00cdAS QUE ELEGIR FUNDA + COJ\u00cdN O FUNDA SOLA)<\/p>\n<p>TIEMPO DE ENV\u00cdO ( APROX 2 SEMANAS + O -)<\/p>\n<p>&nbsp;<\/p>\n","protected":false},"excerpt":{"rendered":"<p>TAMA\u00d1O: 40X40CM. CARACTER\u00cdSTICAS: IMPRESA A UNA CARA, A COLOR. ESPECIFICACIONES: SE VENDE S\u00d3LO LA FUNDA DE COJ\u00cdN, SI QUIERES A\u00d1ADIR EL RELLENO, A\u00d1ADE A TU PEDIDO LA OPCI\u00d3N DE RELLENO DE COJ\u00cdN (SI S\u00d3LO ESCOGES EST\u00c1 OPCI\u00d3N, NO SE PODR\u00c1 EFECTUAR EL PEDIDO, TENDR\u00cdAS QUE ELEGIR FUNDA + COJ\u00cdN O [&hellip;]<\/p>\n","protected":false},"featured_media":18961,"comment_status":"open","ping_status":"closed","template":"","meta":{"_mo_disable_npp":""},"product_brand":[],"product_cat":[2364,1294],"product_tag":[],"class_list":{"0":"post-18941","1":"product","2":"type-product","3":"status-publish","4":"has-post-thumbnail","6":"product_cat-aa-outlet","7":"product_cat-booksleeve","9":"first","10":"instock","11":"taxable","12":"shipping-taxable","13":"purchasable","14":"product-type-variable"},"_links":{"self":[{"href":"https:\/\/acourtofalsacesart.com\/index.php\/wp-json\/wp\/v2\/product\/18941","targetHints":{"allow":["GET"]}}],"collection":[{"href":"https:\/\/acourtofalsacesart.com\/index.php\/wp-json\/wp\/v2\/product"}],"about":[{"href":"https:\/\/acourtofalsacesart.com\/index.php\/wp-json\/wp\/v2\/types\/product"}],"replies":[{"embeddable":true,"href":"https:\/\/acourtofalsacesart.com\/index.php\/wp-json\/wp\/v2\/comments?post=18941"}],"wp:featuredmedia":[{"embeddable":true,"href":"https:\/\/acourtofalsacesart.com\/index.php\/wp-json\/wp\/v2\/media\/18961"}],"wp:attachment":[{"href":"https:\/\/acourtofalsacesart.com\/index.php\/wp-json\/wp\/v2\/media?parent=18941"}],"wp:term":[{"taxonomy":"product_brand","embeddable":true,"href":"https:\/\/acourtofalsacesart.com\/index.php\/wp-json\/wp\/v2\/product_brand?post=18941"},{"taxonomy":"product_cat","embeddable":true,"href":"https:\/\/acourtofalsacesart.com\/index.php\/wp-json\/wp\/v2\/product_cat?post=18941"},{"taxonomy":"product_tag","embeddable":true,"href":"https:\/\/acourtofalsacesart.com\/index.php\/wp-json\/wp\/v2\/product_tag?post=18941"}],"curies":[{"name":"wp","href":"https:\/\/api.w.org\/{rel}","templated":true}]}}