{"id":18837,"date":"2024-10-12T18:20:31","date_gmt":"2024-10-12T18:20:31","guid":{"rendered":"https:\/\/acourtofalsacesart.com\/?post_type=product&#038;p=18837"},"modified":"2025-11-29T16:01:40","modified_gmt":"2025-11-29T16:01:40","slug":"sobrecubierta-la-serpiente-y-las-alas-de-la-noche-oraya-raihn-dustjacket","status":"publish","type":"product","link":"https:\/\/acourtofalsacesart.com\/index.php\/producto\/sobrecubierta-la-serpiente-y-las-alas-de-la-noche-oraya-raihn-dustjacket\/","title":{"rendered":"Sobrecubierta, \u00bbLa serpiente y las Alas de la noche\u00bb- Oraya &#038; Raihn dustjacket."},"content":{"rendered":"<p>Sobrecubierta, \u00bbLa serpiente y las Alas de la noche\u00bb- Oraya &amp; Raihn dustjacket.<\/p>\n<p>Para la edici\u00f3n espa\u00f1ola de La serpiente y las Alas de la noche, editorial Planeta.<\/p>\n<p>La cubierta est\u00e1 impresa a doble cara y en la cara interna tiene un dise\u00f1o de la pareja.<\/p>\n","protected":false},"excerpt":{"rendered":"<p>Sobrecubierta, \u00bbLa serpiente y las Alas de la noche\u00bb- Oraya &amp; Raihn dustjacket. Para la edici\u00f3n espa\u00f1ola de La serpiente y las Alas de la noche, editorial Planeta. La cubierta est\u00e1 impresa a doble cara y en la cara interna tiene un dise\u00f1o de la pareja.<\/p>\n","protected":false},"featured_media":18639,"comment_status":"open","ping_status":"closed","template":"","meta":{"_mo_disable_npp":""},"product_brand":[],"product_cat":[1553,2116],"product_tag":[],"class_list":{"0":"post-18837","1":"product","2":"type-product","3":"status-publish","4":"has-post-thumbnail","6":"product_cat-cubierta","7":"product_cat-shop-update-octubre-2024","9":"first","10":"instock","11":"taxable","12":"shipping-taxable","13":"purchasable","14":"product-type-variable"},"_links":{"self":[{"href":"https:\/\/acourtofalsacesart.com\/index.php\/wp-json\/wp\/v2\/product\/18837","targetHints":{"allow":["GET"]}}],"collection":[{"href":"https:\/\/acourtofalsacesart.com\/index.php\/wp-json\/wp\/v2\/product"}],"about":[{"href":"https:\/\/acourtofalsacesart.com\/index.php\/wp-json\/wp\/v2\/types\/product"}],"replies":[{"embeddable":true,"href":"https:\/\/acourtofalsacesart.com\/index.php\/wp-json\/wp\/v2\/comments?post=18837"}],"wp:featuredmedia":[{"embeddable":true,"href":"https:\/\/acourtofalsacesart.com\/index.php\/wp-json\/wp\/v2\/media\/18639"}],"wp:attachment":[{"href":"https:\/\/acourtofalsacesart.com\/index.php\/wp-json\/wp\/v2\/media?parent=18837"}],"wp:term":[{"taxonomy":"product_brand","embeddable":true,"href":"https:\/\/acourtofalsacesart.com\/index.php\/wp-json\/wp\/v2\/product_brand?post=18837"},{"taxonomy":"product_cat","embeddable":true,"href":"https:\/\/acourtofalsacesart.com\/index.php\/wp-json\/wp\/v2\/product_cat?post=18837"},{"taxonomy":"product_tag","embeddable":true,"href":"https:\/\/acourtofalsacesart.com\/index.php\/wp-json\/wp\/v2\/product_tag?post=18837"}],"curies":[{"name":"wp","href":"https:\/\/api.w.org\/{rel}","templated":true}]}}