{"id":17728,"date":"2024-06-12T17:26:14","date_gmt":"2024-06-12T17:26:14","guid":{"rendered":"https:\/\/acourtofalsacesart.com\/?post_type=product&#038;p=17728"},"modified":"2024-11-05T00:34:47","modified_gmt":"2024-11-05T00:34:47","slug":"reading-journal-modelo-nesta-bookish-dress","status":"publish","type":"product","link":"https:\/\/acourtofalsacesart.com\/index.php\/producto\/reading-journal-modelo-nesta-bookish-dress\/","title":{"rendered":"Reading journal, modelo Nesta bookish dress."},"content":{"rendered":"<p>El reading journal es la versi\u00f3n librito<\/p>\n<p>Reading Journal para anotar tus lecturas y tus rese\u00f1as cortas &#8211; Caben dos rese\u00f1as por hoja.<\/p>\n<p>El reading journal tiene para m\u00e1s de 50 rese\u00f1as.<\/p>\n","protected":false},"excerpt":{"rendered":"<p>El reading journal es la versi\u00f3n librito Reading Journal para anotar tus lecturas y tus rese\u00f1as cortas &#8211; Caben dos rese\u00f1as por hoja. El reading journal tiene para m\u00e1s de 50 rese\u00f1as.<\/p>\n","protected":false},"featured_media":17611,"comment_status":"open","ping_status":"closed","template":"","meta":{"_mo_disable_npp":""},"product_brand":[],"product_cat":[1772,2082,250],"product_tag":[],"class_list":{"0":"post-17728","1":"product","2":"type-product","3":"status-publish","4":"has-post-thumbnail","6":"product_cat-novedades","7":"product_cat-shop-update-junio-2024","8":"product_cat-stationery","10":"first","11":"instock","12":"taxable","13":"shipping-taxable","14":"purchasable","15":"product-type-simple"},"_links":{"self":[{"href":"https:\/\/acourtofalsacesart.com\/index.php\/wp-json\/wp\/v2\/product\/17728","targetHints":{"allow":["GET"]}}],"collection":[{"href":"https:\/\/acourtofalsacesart.com\/index.php\/wp-json\/wp\/v2\/product"}],"about":[{"href":"https:\/\/acourtofalsacesart.com\/index.php\/wp-json\/wp\/v2\/types\/product"}],"replies":[{"embeddable":true,"href":"https:\/\/acourtofalsacesart.com\/index.php\/wp-json\/wp\/v2\/comments?post=17728"}],"wp:featuredmedia":[{"embeddable":true,"href":"https:\/\/acourtofalsacesart.com\/index.php\/wp-json\/wp\/v2\/media\/17611"}],"wp:attachment":[{"href":"https:\/\/acourtofalsacesart.com\/index.php\/wp-json\/wp\/v2\/media?parent=17728"}],"wp:term":[{"taxonomy":"product_brand","embeddable":true,"href":"https:\/\/acourtofalsacesart.com\/index.php\/wp-json\/wp\/v2\/product_brand?post=17728"},{"taxonomy":"product_cat","embeddable":true,"href":"https:\/\/acourtofalsacesart.com\/index.php\/wp-json\/wp\/v2\/product_cat?post=17728"},{"taxonomy":"product_tag","embeddable":true,"href":"https:\/\/acourtofalsacesart.com\/index.php\/wp-json\/wp\/v2\/product_tag?post=17728"}],"curies":[{"name":"wp","href":"https:\/\/api.w.org\/{rel}","templated":true}]}}