{"id":17724,"date":"2024-06-12T17:20:20","date_gmt":"2024-06-12T17:20:20","guid":{"rendered":"https:\/\/acourtofalsacesart.com\/?post_type=product&#038;p=17724"},"modified":"2025-08-05T09:47:49","modified_gmt":"2025-08-05T09:47:49","slug":"preorder-nesta-archeron-booksleeve","status":"publish","type":"product","link":"https:\/\/acourtofalsacesart.com\/index.php\/producto\/preorder-nesta-archeron-booksleeve\/","title":{"rendered":"PREORDER \u00bbNesta Archeron\u00bb booksleeve"},"content":{"rendered":"<p>PREORDER \u00bbNesta Archeron\u00bb booksleeve<\/p>\n<p><strong>PREVENTA<\/strong> fundas literarias, tama\u00f1o grande.<\/p>\n<p><strong>IMPORTANTE<\/strong><\/p>\n<p><em>Medidas<\/em>:<\/p>\n<p>Tama\u00f1o grande: 27&#215;23<\/p>\n<p><strong>TIEMPO DE PREPARACI\u00d3N<\/strong>: 2\/5 SEMANAS. Una vez la proveedora me las mande, avisar\u00eda por las stories de Insta y las enviar\u00eda una vez me lleguen.<\/p>\n","protected":false},"excerpt":{"rendered":"<p>PREORDER \u00bbNesta Archeron\u00bb booksleeve PREVENTA fundas literarias, tama\u00f1o grande. IMPORTANTE Medidas: Tama\u00f1o grande: 27&#215;23 TIEMPO DE PREPARACI\u00d3N: 2\/5 SEMANAS. Una vez la proveedora me las mande, avisar\u00eda por las stories de Insta y las enviar\u00eda una vez me lleguen.<\/p>\n","protected":false},"featured_media":17709,"comment_status":"open","ping_status":"closed","template":"","meta":{"_mo_disable_npp":""},"product_brand":[],"product_cat":[1294,1772,2082],"product_tag":[],"class_list":{"0":"post-17724","1":"product","2":"type-product","3":"status-publish","4":"has-post-thumbnail","6":"product_cat-booksleeve","7":"product_cat-novedades","8":"product_cat-shop-update-junio-2024","10":"first","11":"instock","12":"taxable","13":"shipping-taxable","14":"purchasable","15":"product-type-simple"},"_links":{"self":[{"href":"https:\/\/acourtofalsacesart.com\/index.php\/wp-json\/wp\/v2\/product\/17724","targetHints":{"allow":["GET"]}}],"collection":[{"href":"https:\/\/acourtofalsacesart.com\/index.php\/wp-json\/wp\/v2\/product"}],"about":[{"href":"https:\/\/acourtofalsacesart.com\/index.php\/wp-json\/wp\/v2\/types\/product"}],"replies":[{"embeddable":true,"href":"https:\/\/acourtofalsacesart.com\/index.php\/wp-json\/wp\/v2\/comments?post=17724"}],"wp:featuredmedia":[{"embeddable":true,"href":"https:\/\/acourtofalsacesart.com\/index.php\/wp-json\/wp\/v2\/media\/17709"}],"wp:attachment":[{"href":"https:\/\/acourtofalsacesart.com\/index.php\/wp-json\/wp\/v2\/media?parent=17724"}],"wp:term":[{"taxonomy":"product_brand","embeddable":true,"href":"https:\/\/acourtofalsacesart.com\/index.php\/wp-json\/wp\/v2\/product_brand?post=17724"},{"taxonomy":"product_cat","embeddable":true,"href":"https:\/\/acourtofalsacesart.com\/index.php\/wp-json\/wp\/v2\/product_cat?post=17724"},{"taxonomy":"product_tag","embeddable":true,"href":"https:\/\/acourtofalsacesart.com\/index.php\/wp-json\/wp\/v2\/product_tag?post=17724"}],"curies":[{"name":"wp","href":"https:\/\/api.w.org\/{rel}","templated":true}]}}