{"id":16357,"date":"2024-02-10T19:35:58","date_gmt":"2024-02-10T19:35:58","guid":{"rendered":"https:\/\/acourtofalsacesart.com\/?post_type=product&#038;p=16357"},"modified":"2025-05-23T17:40:58","modified_gmt":"2025-05-23T17:40:58","slug":"reading-journal","status":"publish","type":"product","link":"https:\/\/acourtofalsacesart.com\/index.php\/producto\/reading-journal\/","title":{"rendered":"Reading journal."},"content":{"rendered":"<p>Hay dos tama\u00f1os de pegatinas para libros, los mas grandes son para las rese\u00f1as individuales y los minis para las valoraciones generales.<\/p>\n<p>Dejad en notas qu\u00e9 libros quer\u00e9is en forma de pegatina.<\/p>\n<p>&nbsp;<\/p>\n","protected":false},"excerpt":{"rendered":"<p>Hay dos tama\u00f1os de pegatinas para libros, los mas grandes son para las rese\u00f1as individuales y los minis para las valoraciones generales. Dejad en notas qu\u00e9 libros quer\u00e9is en forma de pegatina. &nbsp;<\/p>\n","protected":false},"featured_media":16296,"comment_status":"open","ping_status":"closed","template":"","meta":{"_mo_disable_npp":""},"product_brand":[],"product_cat":[250],"product_tag":[],"class_list":{"0":"post-16357","1":"product","2":"type-product","3":"status-publish","4":"has-post-thumbnail","6":"product_cat-stationery","8":"first","9":"instock","10":"taxable","11":"shipping-taxable","12":"purchasable","13":"product-type-variable"},"_links":{"self":[{"href":"https:\/\/acourtofalsacesart.com\/index.php\/wp-json\/wp\/v2\/product\/16357","targetHints":{"allow":["GET"]}}],"collection":[{"href":"https:\/\/acourtofalsacesart.com\/index.php\/wp-json\/wp\/v2\/product"}],"about":[{"href":"https:\/\/acourtofalsacesart.com\/index.php\/wp-json\/wp\/v2\/types\/product"}],"replies":[{"embeddable":true,"href":"https:\/\/acourtofalsacesart.com\/index.php\/wp-json\/wp\/v2\/comments?post=16357"}],"wp:featuredmedia":[{"embeddable":true,"href":"https:\/\/acourtofalsacesart.com\/index.php\/wp-json\/wp\/v2\/media\/16296"}],"wp:attachment":[{"href":"https:\/\/acourtofalsacesart.com\/index.php\/wp-json\/wp\/v2\/media?parent=16357"}],"wp:term":[{"taxonomy":"product_brand","embeddable":true,"href":"https:\/\/acourtofalsacesart.com\/index.php\/wp-json\/wp\/v2\/product_brand?post=16357"},{"taxonomy":"product_cat","embeddable":true,"href":"https:\/\/acourtofalsacesart.com\/index.php\/wp-json\/wp\/v2\/product_cat?post=16357"},{"taxonomy":"product_tag","embeddable":true,"href":"https:\/\/acourtofalsacesart.com\/index.php\/wp-json\/wp\/v2\/product_tag?post=16357"}],"curies":[{"name":"wp","href":"https:\/\/api.w.org\/{rel}","templated":true}]}}