{"id":15918,"date":"2023-12-27T19:12:53","date_gmt":"2023-12-27T19:12:53","guid":{"rendered":"https:\/\/acourtofalsacesart.com\/?post_type=product&#038;p=15918"},"modified":"2026-03-14T21:40:50","modified_gmt":"2026-03-14T21:40:50","slug":"marcapaginas-navideno-violet-xaden","status":"publish","type":"product","link":"https:\/\/acourtofalsacesart.com\/index.php\/producto\/marcapaginas-navideno-violet-xaden\/","title":{"rendered":"Marcap\u00e1ginas navide\u00f1o Violet &#038; Xaden."},"content":{"rendered":"<p>Marcap\u00e1ginas navide\u00f1o Violet &amp; Xaden.<\/p>\n","protected":false},"excerpt":{"rendered":"<p>Marcap\u00e1ginas navide\u00f1o Violet &amp; Xaden.<\/p>\n","protected":false},"featured_media":15890,"comment_status":"open","ping_status":"closed","template":"","meta":{"_mo_disable_npp":""},"product_brand":[],"product_cat":[28,2174,1734,278],"product_tag":[],"class_list":{"0":"post-15918","1":"product","2":"type-product","3":"status-publish","4":"has-post-thumbnail","6":"product_cat-bookmarks","7":"product_cat-coleccion-fourth-wing","8":"product_cat-coleccion-navidad","9":"product_cat-ma","11":"first","12":"instock","13":"taxable","14":"shipping-taxable","15":"purchasable","16":"product-type-simple"},"_links":{"self":[{"href":"https:\/\/acourtofalsacesart.com\/index.php\/wp-json\/wp\/v2\/product\/15918","targetHints":{"allow":["GET"]}}],"collection":[{"href":"https:\/\/acourtofalsacesart.com\/index.php\/wp-json\/wp\/v2\/product"}],"about":[{"href":"https:\/\/acourtofalsacesart.com\/index.php\/wp-json\/wp\/v2\/types\/product"}],"replies":[{"embeddable":true,"href":"https:\/\/acourtofalsacesart.com\/index.php\/wp-json\/wp\/v2\/comments?post=15918"}],"wp:featuredmedia":[{"embeddable":true,"href":"https:\/\/acourtofalsacesart.com\/index.php\/wp-json\/wp\/v2\/media\/15890"}],"wp:attachment":[{"href":"https:\/\/acourtofalsacesart.com\/index.php\/wp-json\/wp\/v2\/media?parent=15918"}],"wp:term":[{"taxonomy":"product_brand","embeddable":true,"href":"https:\/\/acourtofalsacesart.com\/index.php\/wp-json\/wp\/v2\/product_brand?post=15918"},{"taxonomy":"product_cat","embeddable":true,"href":"https:\/\/acourtofalsacesart.com\/index.php\/wp-json\/wp\/v2\/product_cat?post=15918"},{"taxonomy":"product_tag","embeddable":true,"href":"https:\/\/acourtofalsacesart.com\/index.php\/wp-json\/wp\/v2\/product_tag?post=15918"}],"curies":[{"name":"wp","href":"https:\/\/api.w.org\/{rel}","templated":true}]}}