{"id":14546,"date":"2023-08-28T09:59:20","date_gmt":"2023-08-28T09:59:20","guid":{"rendered":"https:\/\/acourtofalsacesart.com\/?post_type=product&#038;p=14546"},"modified":"2025-09-09T15:57:42","modified_gmt":"2025-09-09T15:57:42","slug":"extra-envio-canarias-baleares-calendario-de-adviento-2023","status":"publish","type":"product","link":"https:\/\/acourtofalsacesart.com\/index.php\/producto\/extra-envio-canarias-baleares-calendario-de-adviento-2023\/","title":{"rendered":"EXTRA ENV\u00cdO CANARIAS &#8211; BALEARES .CALENDARIO DE ADVIENTO 2023"},"content":{"rendered":"<p>A\u00d1ADE EL EXTRA SI ERES DE LAS ISLAS.<\/p>\n<p>Calendario de adviento literario, edici\u00f3n 2023.<\/p>\n<p><strong>IMPORTANTE:<\/strong><\/p>\n<ul>\n<li>La preventa <strong>se enviar\u00e1 en la segunda mitad de NOVIEMBRE,<\/strong> e ir\u00e9 avisando conforme me vayan llegando los objetos por stories en Instagram.<\/li>\n<li><em>Se recomienda adquirir el calendario de manera individual, ya que si se a\u00f1ade alguna cosa m\u00e1s puede retrasar el env\u00edo de este.<\/em><\/li>\n<li><em>Si se a\u00f1aden m\u00e1s objetos al pedido, esto puede retrasar su salida, ya que el calendario se empaqueta en cadena, y para a\u00f1adir x objeto a x pedido, se romper\u00eda la cadena y por ende, tardar\u00eda m\u00e1s en salir.<\/em><\/li>\n<\/ul>\n<ul>\n<li><strong>El env\u00edo a Pen\u00ednsula ya est\u00e1 incluido en el precio, el extra es para internacionales.<\/strong><\/li>\n<\/ul>\n<ul>\n<li>Si eres de las islas por favor, adquiere el extra de env\u00edo a islas.<\/li>\n<\/ul>\n<ul>\n<li>No se pueden usar cupones con el calendario de adviento.<\/li>\n<\/ul>\n<p>Incluye 25 objetos literarios inspirados en diferentes libros y sagas conocidas.<\/p>\n<p>Habr\u00e1 objetos de:<br \/>\n\u2014 Acotar<br \/>\n\u2014 Trono de Cristal<br \/>\n\u2014 Crescent city<br \/>\n\u2014 El pr\u00edncipe cruel<br \/>\n\u2014 \u00c9rase una vez un coraz\u00f3n roto.<br \/>\n\u2014 Caraval<br \/>\n\u2014Cazadores de sombras<br \/>\n\u2014 Alas de sangre<br \/>\n\u2014 Belladonna<br \/>\n\u2014 El legado robado.<br \/>\n\u2014 De sangre y cenizas<\/p>\n<p>Entre otros, adem\u00e1s de algunos objetos con tem\u00e1tica navide\u00f1a pero con personajes literarios.<\/p>\n<p>Dentro de nuestras artistas e artesanas invitadas tenemos a :<\/p>\n<p>@It&#8217;s_looovely<\/p>\n<p>@_lauilustra_<\/p>\n<p>@saponediprincipessa<\/p>\n<p>@s_holdthebus<\/p>\n<p>@alexandraczerw_art<\/p>\n<p>@carolamarin.art<\/p>\n<p>@sheisketch<\/p>\n<p>@aguirreart<\/p>\n<p>@roitssomething<\/p>\n<p>@wolf_tailor<\/p>\n<p>Que aportar\u00e1n objetos maravillosos \ud83d\udc40<\/p>\n<p>Entre los objetos habr\u00e1n:<br \/>\nVarias l\u00e1minas, de diferentes formatos, marcap\u00e1ginas normales, marcas magn\u00e9ticos, alg\u00fan producto del hogar, alg\u00fan producto de cosm\u00e9tica, alg\u00fan objeto de metacrilato, alg\u00fan objeto perfecto para acompa\u00f1arte en tus escapadas, y alg\u00fan objeto de papeler\u00eda \u2728<\/p>\n<p>Y bueno, eso es todo.<br \/>\nEspero que os guste esta tercera edici\u00f3n del calendario, yo sin duda estoy disfrutando much\u00edsimo el prepararla.<\/p>\n<p>Para cualquier duda pod\u00e9is escribirme por Instagram: @alsaces_art<\/p>\n","protected":false},"excerpt":{"rendered":"<p>EXTRA ENV\u00cdO CANARIAS &#8211; BALEARES<\/p>\n","protected":false},"featured_media":14547,"comment_status":"open","ping_status":"closed","template":"","meta":{"_mo_disable_npp":""},"product_brand":[],"product_cat":[1691,1734],"product_tag":[],"class_list":{"0":"post-14546","1":"product","2":"type-product","3":"status-publish","4":"has-post-thumbnail","6":"product_cat-cajas-tematicas","7":"product_cat-coleccion-navidad","9":"first","10":"instock","11":"taxable","12":"shipping-taxable","13":"purchasable","14":"product-type-simple"},"_links":{"self":[{"href":"https:\/\/acourtofalsacesart.com\/index.php\/wp-json\/wp\/v2\/product\/14546","targetHints":{"allow":["GET"]}}],"collection":[{"href":"https:\/\/acourtofalsacesart.com\/index.php\/wp-json\/wp\/v2\/product"}],"about":[{"href":"https:\/\/acourtofalsacesart.com\/index.php\/wp-json\/wp\/v2\/types\/product"}],"replies":[{"embeddable":true,"href":"https:\/\/acourtofalsacesart.com\/index.php\/wp-json\/wp\/v2\/comments?post=14546"}],"wp:featuredmedia":[{"embeddable":true,"href":"https:\/\/acourtofalsacesart.com\/index.php\/wp-json\/wp\/v2\/media\/14547"}],"wp:attachment":[{"href":"https:\/\/acourtofalsacesart.com\/index.php\/wp-json\/wp\/v2\/media?parent=14546"}],"wp:term":[{"taxonomy":"product_brand","embeddable":true,"href":"https:\/\/acourtofalsacesart.com\/index.php\/wp-json\/wp\/v2\/product_brand?post=14546"},{"taxonomy":"product_cat","embeddable":true,"href":"https:\/\/acourtofalsacesart.com\/index.php\/wp-json\/wp\/v2\/product_cat?post=14546"},{"taxonomy":"product_tag","embeddable":true,"href":"https:\/\/acourtofalsacesart.com\/index.php\/wp-json\/wp\/v2\/product_tag?post=14546"}],"curies":[{"name":"wp","href":"https:\/\/api.w.org\/{rel}","templated":true}]}}