{"id":10605,"date":"2023-03-18T18:46:54","date_gmt":"2023-03-18T18:46:54","guid":{"rendered":"https:\/\/acourtofalsacesart.com\/?post_type=product&#038;p=10605"},"modified":"2024-12-31T21:47:03","modified_gmt":"2024-12-31T21:47:03","slug":"marcapaginas-magnetico-poppy-kieran-lobo-hawke","status":"publish","type":"product","link":"https:\/\/acourtofalsacesart.com\/index.php\/producto\/marcapaginas-magnetico-poppy-kieran-lobo-hawke\/","title":{"rendered":"Marcap\u00e1ginas magn\u00e9tico: Poppy, Kieran-lobo-, Hawke."},"content":{"rendered":"<p>Marcap\u00e1ginas magn\u00e9tico: Poppy, Kieran-lobo-, Hawke.<\/p>\n","protected":false},"excerpt":{"rendered":"<p>Marcap\u00e1ginas magn\u00e9tico: Poppy, Kieran-lobo-, Hawke.<\/p>\n","protected":false},"featured_media":10629,"comment_status":"open","ping_status":"closed","template":"","meta":{"_mo_disable_npp":""},"product_brand":[],"product_cat":[28,278,1772],"product_tag":[],"class_list":{"0":"post-10605","1":"product","2":"type-product","3":"status-publish","4":"has-post-thumbnail","6":"product_cat-bookmarks","7":"product_cat-ma","8":"product_cat-novedades","10":"first","11":"instock","12":"taxable","13":"shipping-taxable","14":"purchasable","15":"product-type-simple"},"_links":{"self":[{"href":"https:\/\/acourtofalsacesart.com\/index.php\/wp-json\/wp\/v2\/product\/10605","targetHints":{"allow":["GET"]}}],"collection":[{"href":"https:\/\/acourtofalsacesart.com\/index.php\/wp-json\/wp\/v2\/product"}],"about":[{"href":"https:\/\/acourtofalsacesart.com\/index.php\/wp-json\/wp\/v2\/types\/product"}],"replies":[{"embeddable":true,"href":"https:\/\/acourtofalsacesart.com\/index.php\/wp-json\/wp\/v2\/comments?post=10605"}],"wp:featuredmedia":[{"embeddable":true,"href":"https:\/\/acourtofalsacesart.com\/index.php\/wp-json\/wp\/v2\/media\/10629"}],"wp:attachment":[{"href":"https:\/\/acourtofalsacesart.com\/index.php\/wp-json\/wp\/v2\/media?parent=10605"}],"wp:term":[{"taxonomy":"product_brand","embeddable":true,"href":"https:\/\/acourtofalsacesart.com\/index.php\/wp-json\/wp\/v2\/product_brand?post=10605"},{"taxonomy":"product_cat","embeddable":true,"href":"https:\/\/acourtofalsacesart.com\/index.php\/wp-json\/wp\/v2\/product_cat?post=10605"},{"taxonomy":"product_tag","embeddable":true,"href":"https:\/\/acourtofalsacesart.com\/index.php\/wp-json\/wp\/v2\/product_tag?post=10605"}],"curies":[{"name":"wp","href":"https:\/\/api.w.org\/{rel}","templated":true}]}}