{"id":3,"date":"2021-02-13T20:18:00","date_gmt":"2021-02-13T20:18:00","guid":{"rendered":"http:\/\/acourtofalsacesart.com\/?page_id=3"},"modified":"2022-03-21T09:46:13","modified_gmt":"2022-03-21T09:46:13","slug":"privacy-policy","status":"publish","type":"page","link":"https:\/\/acourtofalsacesart.com\/index.php\/privacy-policy\/","title":{"rendered":"Pol\u00edtica de privacidad"},"content":{"rendered":"\t\t<div data-elementor-type=\"wp-page\" data-elementor-id=\"3\" class=\"elementor elementor-3\" data-elementor-settings=\"{&quot;ha_cmc_init_switcher&quot;:&quot;no&quot;}\">\n\t\t\t\t\t\t<section class=\"elementor-section elementor-top-section elementor-element elementor-element-97b95e5 elementor-section-boxed elementor-section-height-default elementor-section-height-default\" data-id=\"97b95e5\" data-element_type=\"section\" data-settings=\"{&quot;background_background&quot;:&quot;classic&quot;,&quot;_ha_eqh_enable&quot;:false}\">\n\t\t\t\t\t\t\t<div class=\"elementor-background-overlay\"><\/div>\n\t\t\t\t\t\t\t<div class=\"elementor-container elementor-column-gap-default\">\n\t\t\t\t\t<div class=\"elementor-column elementor-col-100 elementor-top-column elementor-element elementor-element-d281bcf\" data-id=\"d281bcf\" data-element_type=\"column\">\n\t\t\t<div class=\"elementor-widget-wrap elementor-element-populated\">\n\t\t\t\t\t\t<div class=\"elementor-element elementor-element-d355b90 elementor-widget elementor-widget-spacer\" data-id=\"d355b90\" data-element_type=\"widget\" data-widget_type=\"spacer.default\">\n\t\t\t\t<div class=\"elementor-widget-container\">\n\t\t\t\t\t\t\t<div class=\"elementor-spacer\">\n\t\t\t<div class=\"elementor-spacer-inner\"><\/div>\n\t\t<\/div>\n\t\t\t\t\t\t<\/div>\n\t\t\t\t<\/div>\n\t\t\t\t\t<\/div>\n\t\t<\/div>\n\t\t\t\t\t<\/div>\n\t\t<\/section>\n\t\t\t\t<section class=\"elementor-section elementor-top-section elementor-element elementor-element-8b9bd17 elementor-section-boxed elementor-section-height-default elementor-section-height-default\" data-id=\"8b9bd17\" data-element_type=\"section\" data-settings=\"{&quot;_ha_eqh_enable&quot;:false}\">\n\t\t\t\t\t\t<div class=\"elementor-container elementor-column-gap-default\">\n\t\t\t\t\t<div class=\"elementor-column elementor-col-100 elementor-top-column elementor-element elementor-element-b3b49bc\" data-id=\"b3b49bc\" data-element_type=\"column\">\n\t\t\t<div class=\"elementor-widget-wrap elementor-element-populated\">\n\t\t\t\t\t\t<div class=\"elementor-element elementor-element-3de5ef3 elementor-widget elementor-widget-spacer\" data-id=\"3de5ef3\" data-element_type=\"widget\" data-widget_type=\"spacer.default\">\n\t\t\t\t<div class=\"elementor-widget-container\">\n\t\t\t\t\t\t\t<div class=\"elementor-spacer\">\n\t\t\t<div class=\"elementor-spacer-inner\"><\/div>\n\t\t<\/div>\n\t\t\t\t\t\t<\/div>\n\t\t\t\t<\/div>\n\t\t\t\t\t<\/div>\n\t\t<\/div>\n\t\t\t\t\t<\/div>\n\t\t<\/section>\n\t\t\t\t<section class=\"elementor-section elementor-top-section elementor-element elementor-element-94dc5ee elementor-section-boxed elementor-section-height-default elementor-section-height-default\" data-id=\"94dc5ee\" data-element_type=\"section\" data-settings=\"{&quot;_ha_eqh_enable&quot;:false}\">\n\t\t\t\t\t\t<div class=\"elementor-container elementor-column-gap-default\">\n\t\t\t\t\t<div class=\"elementor-column elementor-col-100 elementor-top-column elementor-element elementor-element-90d9d87\" data-id=\"90d9d87\" data-element_type=\"column\">\n\t\t\t<div class=\"elementor-widget-wrap elementor-element-populated\">\n\t\t\t\t\t\t<div class=\"elementor-element elementor-element-2e071e6 elementor-widget elementor-widget-heading\" data-id=\"2e071e6\" data-element_type=\"widget\" data-widget_type=\"heading.default\">\n\t\t\t\t<div class=\"elementor-widget-container\">\n\t\t\t\t\t<p class=\"elementor-heading-title elementor-size-default\">Pol\u00edtica de Privacidad y tienda<\/p>\t\t\t\t<\/div>\n\t\t\t\t<\/div>\n\t\t\t\t\t<\/div>\n\t\t<\/div>\n\t\t\t\t\t<\/div>\n\t\t<\/section>\n\t\t\t\t<section class=\"elementor-section elementor-top-section elementor-element elementor-element-afc4a2f elementor-section-boxed elementor-section-height-default elementor-section-height-default\" data-id=\"afc4a2f\" data-element_type=\"section\" data-settings=\"{&quot;_ha_eqh_enable&quot;:false}\">\n\t\t\t\t\t\t<div class=\"elementor-container elementor-column-gap-default\">\n\t\t\t\t\t<div class=\"elementor-column elementor-col-100 elementor-top-column elementor-element elementor-element-0178067\" data-id=\"0178067\" data-element_type=\"column\">\n\t\t\t<div class=\"elementor-widget-wrap elementor-element-populated\">\n\t\t\t\t\t\t<div class=\"elementor-element elementor-element-3fff1bb elementor-widget elementor-widget-spacer\" data-id=\"3fff1bb\" data-element_type=\"widget\" data-widget_type=\"spacer.default\">\n\t\t\t\t<div class=\"elementor-widget-container\">\n\t\t\t\t\t\t\t<div class=\"elementor-spacer\">\n\t\t\t<div class=\"elementor-spacer-inner\"><\/div>\n\t\t<\/div>\n\t\t\t\t\t\t<\/div>\n\t\t\t\t<\/div>\n\t\t\t\t\t<\/div>\n\t\t<\/div>\n\t\t\t\t\t<\/div>\n\t\t<\/section>\n\t\t\t\t<section class=\"elementor-section elementor-top-section elementor-element elementor-element-2ceddf35 elementor-section-boxed elementor-section-height-default elementor-section-height-default\" data-id=\"2ceddf35\" data-element_type=\"section\" data-settings=\"{&quot;_ha_eqh_enable&quot;:false}\">\n\t\t\t\t\t\t<div class=\"elementor-container elementor-column-gap-default\">\n\t\t\t\t\t<div class=\"elementor-column elementor-col-100 elementor-top-column elementor-element elementor-element-47b19810\" data-id=\"47b19810\" data-element_type=\"column\">\n\t\t\t<div class=\"elementor-widget-wrap elementor-element-populated\">\n\t\t\t\t\t\t<div class=\"elementor-element elementor-element-2b18907b elementor-widget elementor-widget-text-editor\" data-id=\"2b18907b\" data-element_type=\"widget\" data-widget_type=\"text-editor.default\">\n\t\t\t\t<div class=\"elementor-widget-container\">\n\t\t\t\t\t\t\t\t\t\n<h2 class=\"wp-block-heading\"><\/h2>\n<p>Alsace\u00b4s Art te informa sobre su Pol\u00edtica de Privacidad respecto del tratamiento y protecci\u00f3n de los datos de car\u00e1cter personal de los usuarios y clientes que puedan ser recabados por la navegaci\u00f3n o contrataci\u00f3n de servicios a trav\u00e9s del sitio Web www.acourtofalsacesart.com<\/p>\n<p>En este sentido, el Titular garantiza el cumplimiento de la normativa vigente en materia de protecci\u00f3n de datos personales, reflejada en la Ley Org\u00e1nica 3\/2018, de 5 de diciembre, de Protecci\u00f3n de Datos Personales y de Garant\u00eda de Derechos Digitales (LOPD GDD). Cumple tambi\u00e9n con el Reglamento (UE) 2016\/679 del Parlamento Europeo y del Consejo de 27 de abril de 2016 relativo a la protecci\u00f3n de las personas f\u00edsicas (RGPD).<\/p>\n<p>El uso de sitio Web implica la aceptaci\u00f3n de esta Pol\u00edtica de Privacidad as\u00ed como las condiciones incluidas en el Aviso Legal.<\/p>\n<h4 class=\"wp-block-heading\">Identidad del responsable<\/h4>\n<p>Titular: TITULAR<br \/>DATOS-DEL-COLEGIO-PROFESIONAL<br \/>NIF\/CIF: NIF<br \/>Domicilio: DIRECCI\u00d3N-POSTAL<br \/>Correo electr\u00f3nico: CORREO-ELECTR\u00d3NICO<br \/>Sitio Web: DIRECCI\u00d3N-WEB<br \/>Principios aplicados en el tratamiento de datos<br \/>En el tratamiento de tus datos personales, el Titular aplicar\u00e1 los siguientes principios que se ajustan a las exigencias del nuevo reglamento europeo de protecci\u00f3n de datos:<\/p>\n<p>Principio de licitud, lealtad y transparencia: El Titular siempre requerir\u00e1 el consentimiento para el tratamiento de tus datos personales que puede ser para uno o varios fines espec\u00edficos sobre los que te informar\u00e1 previamente con absoluta transparencia.<br \/>Principio de minimizaci\u00f3n de datos: El Titular te solicitar\u00e1 solo los datos estrictamente necesarios para el fin o los fines que los solicita.<br \/>Principio de limitaci\u00f3n del plazo de conservaci\u00f3n: Los datos se mantendr\u00e1n durante el tiempo estrictamente necesario para el fin o los fines del tratamiento.<br \/>El Titular te informar\u00e1 del plazo de conservaci\u00f3n correspondiente seg\u00fan la finalidad. En el caso de suscripciones, el Titular revisar\u00e1 peri\u00f3dicamente las listas y eliminar\u00e1 aquellos registros inactivos durante un tiempo considerable.<br \/>Principio de integridad y confidencialidad: Tus datos ser\u00e1n tratados de tal manera que su seguridad, confidencialidad e integridad est\u00e9 garantizada. Debes saber que el Titular toma las precauciones necesarias para evitar el acceso no autorizado o uso indebido de los datos de sus usuarios por parte de terceros.<br \/>Obtenci\u00f3n de datos personales<br \/>Para navegar por SITIO-WEB no es necesario que facilites ning\u00fan dato personal. Los casos en los que s\u00ed proporcionas tus datos personales son los siguientes:<\/p>\n<h4>Elimina lo que no uses<\/h4>\n<p>Al contactar a trav\u00e9s de los formularios de contacto o enviar un correo electr\u00f3nico.<br \/>Al realizar un comentario en un art\u00edculo o p\u00e1gina.<\/p>\n<h5>Tus derechos<\/h5>\n<p>El Titular te informa que sobre tus datos personales tienes derecho a:<\/p>\n<p>\u2022 Solicitar el acceso a los datos almacenados.<br \/>\u2022 Solicitar una rectificaci\u00f3n o la cancelaci\u00f3n.<br \/>\u2022 Solicitar la limitaci\u00f3n de su tratamiento.<br \/>\u2022 Solicitar la portabilidad de tus datos.<\/p>\n<p>El ejercicio de estos derechos es personal y por tanto debe ser ejercido directamente por el interesado, solicit\u00e1ndolo directamente al Titular, lo que significa que cualquier cliente, suscriptor o colaborador que haya facilitado sus datos en alg\u00fan momento puede dirigirse al Titular y pedir informaci\u00f3n sobre los datos que tiene almacenados y c\u00f3mo los ha obtenido, solicitar la rectificaci\u00f3n de los mismos, solicitar la portabilidad de sus datos personales, oponerse al tratamiento, limitar su uso o solicitar la cancelaci\u00f3n de esos datos en los ficheros del Titular.<\/p>\n<p>Para ejercitar tus derechos de acceso, rectificaci\u00f3n, cancelaci\u00f3n, portabilidad y oposici\u00f3n tienes que enviar un correo electr\u00f3nico a <strong><em>alsacesart@gmail.com<\/em><\/strong> junto con la prueba v\u00e1lida en derecho como una <strong>fotocopia del D.N.I. o equivalente<\/strong>.<\/p>\n<p>Tienes derecho a la tutela judicial efectiva y a presentar una reclamaci\u00f3n ante la autoridad de control, en este caso, la Agencia Espa\u00f1ola de Protecci\u00f3n de Datos, si consideras que el tratamiento de datos personales que te conciernen infringe el Reglamento.<\/p>\n<h5>Finalidad del tratamiento de datos personales<\/h5>\n<p>Cuando te conectas al sitio web para mandar un correo al Titular, te suscribes a su bolet\u00edn o realizas una contrataci\u00f3n, est\u00e1s facilitando informaci\u00f3n de car\u00e1cter personal de la que el responsable es el Titular. Esta informaci\u00f3n puede incluir datos de car\u00e1cter personal como pueden ser tu direcci\u00f3n IP, nombre y apellidos, direcci\u00f3n f\u00edsica, direcci\u00f3n de correo electr\u00f3nico, n\u00famero de tel\u00e9fono, y otra informaci\u00f3n. Al facilitar esta informaci\u00f3n, das tu consentimiento para que tu informaci\u00f3n sea recopilada, utilizada, gestionada y almacenada por superadmin.es , s\u00f3lo como se describe en el Aviso Legal y en la presente Pol\u00edtica de Privacidad.<\/p>\n<p>Los datos personales y la finalidad del tratamiento por parte del Titular es diferente seg\u00fan el sistema de captura de informaci\u00f3n:<\/p>\n<h5>Formularios de contacto<\/h5>\n<p>El Titular solicita datos personales entre los que pueden estar: Nombre y apellidos, direcci\u00f3n de correo electr\u00f3nico, n\u00famero de tel\u00e9fono y direcci\u00f3n de tu sitio Web con la finalidad de responder a tus consultas.<br \/>Por ejemplo, el Titular utiliza esos datos para dar respuesta a tus mensajes, dudas, quejas, comentarios o inquietudes que puedas tener relativas a la informaci\u00f3n incluida en el sitio Web, los servicios que se prestan a trav\u00e9s del sitio Web, el tratamiento de tus datos personales, cuestiones referentes a los textos legales incluidos en el sitio Web, as\u00ed como cualquier otra consulta que puedas tener y que no est\u00e9 sujeta a las condiciones del sitio Web o de la contrataci\u00f3n.<br \/>Formularios de suscripci\u00f3n a contenidos: El Titular solicita los siguientes datos personales: Nombre y apellidos, direcci\u00f3n de correo electr\u00f3nico, n\u00famero de tel\u00e9fono y direcci\u00f3n de tu sitio web para gestionar la lista de suscripciones, enviar boletines, promociones y ofertas especiales.<br \/>Los datos que facilites al Titular estar\u00e1n ubicados en los servidores de The Rocket Science Group LLC d\/b\/a, con domicilio en EEUU. (Mailchimp).<br \/>Existen otras finalidades por las que el Titular trata tus datos personales:<\/p>\n<p>Para garantizar el cumplimiento de las condiciones recogidas en el Aviso Legal y en la ley aplicable. Esto puede incluir el desarrollo de herramientas y algoritmos que ayuden a este sitio Web a garantizar la confidencialidad de los datos personales que recoge.<br \/>El Titular tratar\u00e1 tus datos personales con la finalidad de administrar correctamente su presencia en la red social, informarte de sus actividades, productos o servicios, as\u00ed como para cualquier otra finalidad que las normativas de las redes sociales permitan.<\/p>\n<p>En ning\u00fan caso el Titular utilizar\u00e1 los perfiles de seguidores en redes sociales para enviar publicidad de manera individual.<\/p>\n<h4>Seguridad de los datos personales<\/h4>\n<p>Para proteger tus datos personales, el Titular toma todas las precauciones razonables y sigue las mejores pr\u00e1cticas de la industria para evitar su p\u00e9rdida, mal uso, acceso indebido, divulgaci\u00f3n, alteraci\u00f3n o destrucci\u00f3n de los mismos.<\/p>\n<p>El sitio Web est\u00e1 alojado en <strong>PROVEEDOR DE ALOJAMIENTO WEB.<\/strong> La seguridad de tus datos est\u00e1 garantizada, ya que toman todas las medidas de seguridad necesarias para ello. Puedes consultar su pol\u00edtica de privacidad para tener m\u00e1s informaci\u00f3n.<\/p>\n<h4>Contenido de otros sitios web<\/h4>\n<p>Las p\u00e1ginas de este sitio Web pueden incluir contenido incrustado (por ejemplo, v\u00eddeos, im\u00e1genes, art\u00edculos, etc.). El contenido incrustado de otras web se comporta exactamente de la misma manera que si hubieras visitado la otra web.<\/p>\n<p>Estos sitios Web pueden recopilar datos sobre ti, utilizar cookies, incrustar un c\u00f3digo de seguimiento adicional de terceros, y supervisar tu interacci\u00f3n usando este c\u00f3digo.<\/p>\n<h4>Pol\u00edtica de Cookies<\/h4>\n<p>Para que este sitio Web funcione correctamente necesita utilizar cookies, que es una informaci\u00f3n que se almacena en tu navegador web.<\/p>\n<p>En la p\u00e1gina Pol\u00edtica de Cookies puedes consultar toda la informaci\u00f3n relativa a la pol\u00edtica de recogida, la finalidad y el tratamiento de las cookies.<\/p>\n<h5>Legitimaci\u00f3n para el tratamiento de datos<\/h5>\n<p>La base legal para el tratamiento de tus datos es: el consentimiento.<\/p>\n<p>Para contactar con el Titular, suscribirte a un bolet\u00edn o realizar comentarios en este sitio Web tienes que aceptar la presente Pol\u00edtica de Privacidad.<\/p>\n<h5>Categor\u00edas de datos personales<\/h5>\n<p>Las categor\u00edas de datos personales que trata el Titular son:<\/p>\n<p>\u2022 Datos identificativos.<br \/>\u2022 Conservaci\u00f3n de datos personales<br \/>\u2022 Los datos personales que proporciones al Titular se conservar\u00e1n hasta que solicites su supresi\u00f3n.<\/p>\n<h5>Revocabilidad<\/h5>\n<p>Para ejercitar tus derechos de acceso, rectificaci\u00f3n, cancelaci\u00f3n, portabilidad y oposici\u00f3n tienes que enviar un correo electr\u00f3nico a <strong><em>alsacesart@gmail.com<\/em><\/strong> junto con la prueba v\u00e1lida en derecho como una fotocopia del D.N.I. o equivalente.<\/p>\n<p>El ejercicio de tus derechos no incluye ning\u00fan dato que el Titular est\u00e9 obligado a conservar con fines administrativos, legales o de seguridad.<\/p>\n<h4>Cambios en la Pol\u00edtica de Privacidad<\/h4>\n<p>El Titular se reserva el derecho a modificar la presente Pol\u00edtica de Privacidad para adaptarla a novedades legislativas o jurisprudenciales, as\u00ed como a pr\u00e1cticas de la industria.<\/p>\n<p>Estas pol\u00edticas estar\u00e1n vigentes hasta que sean modificadas por otras debidamente publicadas.<\/p>\n\t\t\t\t\t\t\t\t<\/div>\n\t\t\t\t<\/div>\n\t\t\t\t\t<\/div>\n\t\t<\/div>\n\t\t\t\t\t<\/div>\n\t\t<\/section>\n\t\t\t\t<\/div>\n\t\t","protected":false},"excerpt":{"rendered":"<p>Pol\u00edtica de Privacidad y tienda Alsace\u00b4s Art te informa sobre su Pol\u00edtica de Privacidad respecto del tratamiento y protecci\u00f3n de los datos de car\u00e1cter personal de los usuarios y clientes que puedan ser recabados por la navegaci\u00f3n o contrataci\u00f3n de servicios a trav\u00e9s del sitio Web www.acourtofalsacesart.com En este sentido, [&hellip;]<\/p>\n","protected":false},"author":1,"featured_media":0,"parent":0,"menu_order":0,"comment_status":"closed","ping_status":"closed","template":"page-templates\/template-fullwidth.php","meta":{"_mo_disable_npp":"","footnotes":""},"class_list":["post-3","page","type-page","status-publish","hentry"],"_links":{"self":[{"href":"https:\/\/acourtofalsacesart.com\/index.php\/wp-json\/wp\/v2\/pages\/3","targetHints":{"allow":["GET"]}}],"collection":[{"href":"https:\/\/acourtofalsacesart.com\/index.php\/wp-json\/wp\/v2\/pages"}],"about":[{"href":"https:\/\/acourtofalsacesart.com\/index.php\/wp-json\/wp\/v2\/types\/page"}],"author":[{"embeddable":true,"href":"https:\/\/acourtofalsacesart.com\/index.php\/wp-json\/wp\/v2\/users\/1"}],"replies":[{"embeddable":true,"href":"https:\/\/acourtofalsacesart.com\/index.php\/wp-json\/wp\/v2\/comments?post=3"}],"version-history":[{"count":7,"href":"https:\/\/acourtofalsacesart.com\/index.php\/wp-json\/wp\/v2\/pages\/3\/revisions"}],"predecessor-version":[{"id":2587,"href":"https:\/\/acourtofalsacesart.com\/index.php\/wp-json\/wp\/v2\/pages\/3\/revisions\/2587"}],"wp:attachment":[{"href":"https:\/\/acourtofalsacesart.com\/index.php\/wp-json\/wp\/v2\/media?parent=3"}],"curies":[{"name":"wp","href":"https:\/\/api.w.org\/{rel}","templated":true}]}}