{"id":2,"date":"2021-02-13T20:18:00","date_gmt":"2021-02-13T20:18:00","guid":{"rendered":"http:\/\/acourtofalsacesart.com\/?page_id=2"},"modified":"2022-03-21T09:50:58","modified_gmt":"2022-03-21T09:50:58","slug":"sample-page","status":"publish","type":"page","link":"https:\/\/acourtofalsacesart.com\/index.php\/sample-page\/","title":{"rendered":"Sobre m\u00ed"},"content":{"rendered":"\t\t<div data-elementor-type=\"wp-page\" data-elementor-id=\"2\" class=\"elementor elementor-2\" data-elementor-settings=\"{&quot;ha_cmc_init_switcher&quot;:&quot;no&quot;}\">\n\t\t\t\t\t\t<section class=\"elementor-section elementor-top-section elementor-element elementor-element-d4a0bb4 elementor-section-boxed elementor-section-height-default elementor-section-height-default\" data-id=\"d4a0bb4\" data-element_type=\"section\" data-settings=\"{&quot;background_background&quot;:&quot;classic&quot;,&quot;_ha_eqh_enable&quot;:false}\">\n\t\t\t\t\t\t\t<div class=\"elementor-background-overlay\"><\/div>\n\t\t\t\t\t\t\t<div class=\"elementor-container elementor-column-gap-default\">\n\t\t\t\t\t<div class=\"elementor-column elementor-col-100 elementor-top-column elementor-element elementor-element-77beae2\" data-id=\"77beae2\" data-element_type=\"column\">\n\t\t\t<div class=\"elementor-widget-wrap elementor-element-populated\">\n\t\t\t\t\t\t<div class=\"elementor-element elementor-element-283b0d3 elementor-widget elementor-widget-spacer\" data-id=\"283b0d3\" data-element_type=\"widget\" data-widget_type=\"spacer.default\">\n\t\t\t\t<div class=\"elementor-widget-container\">\n\t\t\t\t\t\t\t<div class=\"elementor-spacer\">\n\t\t\t<div class=\"elementor-spacer-inner\"><\/div>\n\t\t<\/div>\n\t\t\t\t\t\t<\/div>\n\t\t\t\t<\/div>\n\t\t\t\t\t<\/div>\n\t\t<\/div>\n\t\t\t\t\t<\/div>\n\t\t<\/section>\n\t\t\t\t<section class=\"elementor-section elementor-top-section elementor-element elementor-element-c5b722b elementor-section-boxed elementor-section-height-default elementor-section-height-default\" data-id=\"c5b722b\" data-element_type=\"section\" data-settings=\"{&quot;_ha_eqh_enable&quot;:false}\">\n\t\t\t\t\t\t<div class=\"elementor-container elementor-column-gap-default\">\n\t\t\t\t\t<div class=\"elementor-column elementor-col-100 elementor-top-column elementor-element elementor-element-b43ddc8\" data-id=\"b43ddc8\" data-element_type=\"column\">\n\t\t\t<div class=\"elementor-widget-wrap elementor-element-populated\">\n\t\t\t\t\t\t<div class=\"elementor-element elementor-element-b9b37be elementor-widget elementor-widget-spacer\" data-id=\"b9b37be\" data-element_type=\"widget\" data-widget_type=\"spacer.default\">\n\t\t\t\t<div class=\"elementor-widget-container\">\n\t\t\t\t\t\t\t<div class=\"elementor-spacer\">\n\t\t\t<div class=\"elementor-spacer-inner\"><\/div>\n\t\t<\/div>\n\t\t\t\t\t\t<\/div>\n\t\t\t\t<\/div>\n\t\t\t\t\t<\/div>\n\t\t<\/div>\n\t\t\t\t\t<\/div>\n\t\t<\/section>\n\t\t\t\t<section class=\"elementor-section elementor-top-section elementor-element elementor-element-ad79586 elementor-section-boxed elementor-section-height-default elementor-section-height-default\" data-id=\"ad79586\" data-element_type=\"section\" data-settings=\"{&quot;_ha_eqh_enable&quot;:false}\">\n\t\t\t\t\t\t<div class=\"elementor-container elementor-column-gap-default\">\n\t\t\t\t\t<div class=\"elementor-column elementor-col-100 elementor-top-column elementor-element elementor-element-3667bb0\" data-id=\"3667bb0\" data-element_type=\"column\">\n\t\t\t<div class=\"elementor-widget-wrap elementor-element-populated\">\n\t\t\t\t\t\t<div class=\"elementor-element elementor-element-7680e8a elementor-widget elementor-widget-heading\" data-id=\"7680e8a\" data-element_type=\"widget\" data-widget_type=\"heading.default\">\n\t\t\t\t<div class=\"elementor-widget-container\">\n\t\t\t\t\t<p class=\"elementor-heading-title elementor-size-default\">Sobre m\u00ed<\/p>\t\t\t\t<\/div>\n\t\t\t\t<\/div>\n\t\t\t\t\t<\/div>\n\t\t<\/div>\n\t\t\t\t\t<\/div>\n\t\t<\/section>\n\t\t\t\t<section class=\"elementor-section elementor-top-section elementor-element elementor-element-80d5ed2 elementor-section-boxed elementor-section-height-default elementor-section-height-default\" data-id=\"80d5ed2\" data-element_type=\"section\" data-settings=\"{&quot;_ha_eqh_enable&quot;:false}\">\n\t\t\t\t\t\t<div class=\"elementor-container elementor-column-gap-default\">\n\t\t\t\t\t<div class=\"elementor-column elementor-col-100 elementor-top-column elementor-element elementor-element-1ba2758\" data-id=\"1ba2758\" data-element_type=\"column\">\n\t\t\t<div class=\"elementor-widget-wrap elementor-element-populated\">\n\t\t\t\t\t\t<div class=\"elementor-element elementor-element-38a3a39 elementor-widget elementor-widget-spacer\" data-id=\"38a3a39\" data-element_type=\"widget\" data-widget_type=\"spacer.default\">\n\t\t\t\t<div class=\"elementor-widget-container\">\n\t\t\t\t\t\t\t<div class=\"elementor-spacer\">\n\t\t\t<div class=\"elementor-spacer-inner\"><\/div>\n\t\t<\/div>\n\t\t\t\t\t\t<\/div>\n\t\t\t\t<\/div>\n\t\t\t\t\t<\/div>\n\t\t<\/div>\n\t\t\t\t\t<\/div>\n\t\t<\/section>\n\t\t\t\t<section class=\"elementor-section elementor-top-section elementor-element elementor-element-afbe36c elementor-section-boxed elementor-section-height-default elementor-section-height-default\" data-id=\"afbe36c\" data-element_type=\"section\" data-settings=\"{&quot;_ha_eqh_enable&quot;:false}\">\n\t\t\t\t\t\t<div class=\"elementor-container elementor-column-gap-default\">\n\t\t\t\t\t<div class=\"elementor-column elementor-col-100 elementor-top-column elementor-element elementor-element-1d9bbcd6\" data-id=\"1d9bbcd6\" data-element_type=\"column\">\n\t\t\t<div class=\"elementor-widget-wrap elementor-element-populated\">\n\t\t\t\t\t\t<div class=\"elementor-element elementor-element-72d1718d elementor-widget elementor-widget-text-editor\" data-id=\"72d1718d\" data-element_type=\"widget\" data-widget_type=\"text-editor.default\">\n\t\t\t\t<div class=\"elementor-widget-container\">\n\t\t\t\t\t\t\t\t\t\n<div id=\"chat-messages-815239486757011536\" class=\"message-2qnXI6 cozyMessage-3V1Y8y groupStart-23k01U wrapper-2a6GCs cozy-3raOZG zalgo-jN1Ica\" tabindex=\"-1\" role=\"listitem\" data-list-item-id=\"chat-messages___chat-messages-815239486757011536\">\n<div class=\"contents-2mQqc9\" role=\"document\">\n<div class=\"markup-2BOw-j messageContent-2qWWxC\">\u00a1Hola! Me llamo Lorena, y soy la artista detr\u00e1s de A court of Alsace\u00b4s Art.<\/div>\n<div>\u00a0<\/div>\n<div class=\"markup-2BOw-j messageContent-2qWWxC\">Como podre\u00eds suponer por el nombre de la tienda, soy una lectora empedernida que adora la saga<em> Una corte de rosas y espinas<\/em> entre otras cosas. Soy una artista freelance que vive en Almer\u00eda, entre monta\u00f1as y playas y uno de mis pasatiempos favoritos es leer en la playa. Alsace\u00b4s Art naci\u00f3 en abril, hace tres a\u00f1os, aunque se podr\u00eda decir que empez\u00f3 a crearse en marzo, en mi primer sal\u00f3n del manga de Almer\u00eda. Fue un evento especial, en muchos sentidos para m\u00ed, ya que fue lo que me inspir\u00f3 a seguir esforz\u00e1ndome para poder abrir mi propia tienda. A d\u00eda de hoy sigo sin creerme que haya llegado tan lejos por mi propio pie, y que haya llegado a tantos pa\u00edses.<\/div>\n<div>\u00a0<\/div>\n<div class=\"markup-2BOw-j messageContent-2qWWxC\">Cada mensaje de \u00e1nimo, de apoyo, y comentario bonito me impulsa a seguir hacia delante y seguir ret\u00e1ndome para sacar m\u00e1s novedades y probar nuevos productos.<\/div>\n<div>\u00a0<\/div>\n<div class=\"markup-2BOw-j messageContent-2qWWxC\">Mil gracias por acompa\u00f1arme en esta aventura tan especial y espero que disfrute\u00eds el camino tanto como yo.<\/div>\n<\/div>\n<\/div>\n\t\t\t\t\t\t\t\t<\/div>\n\t\t\t\t<\/div>\n\t\t\t\t\t<\/div>\n\t\t<\/div>\n\t\t\t\t\t<\/div>\n\t\t<\/section>\n\t\t\t\t<section class=\"elementor-section elementor-top-section elementor-element elementor-element-48699e8 elementor-section-boxed elementor-section-height-default elementor-section-height-default\" data-id=\"48699e8\" data-element_type=\"section\" data-settings=\"{&quot;_ha_eqh_enable&quot;:false}\">\n\t\t\t\t\t\t<div class=\"elementor-container elementor-column-gap-default\">\n\t\t\t\t\t<div class=\"elementor-column elementor-col-100 elementor-top-column elementor-element elementor-element-7d2b479\" data-id=\"7d2b479\" data-element_type=\"column\">\n\t\t\t<div class=\"elementor-widget-wrap elementor-element-populated\">\n\t\t\t\t\t\t<div class=\"elementor-element elementor-element-251c722 elementor-widget elementor-widget-spacer\" data-id=\"251c722\" data-element_type=\"widget\" data-widget_type=\"spacer.default\">\n\t\t\t\t<div class=\"elementor-widget-container\">\n\t\t\t\t\t\t\t<div class=\"elementor-spacer\">\n\t\t\t<div class=\"elementor-spacer-inner\"><\/div>\n\t\t<\/div>\n\t\t\t\t\t\t<\/div>\n\t\t\t\t<\/div>\n\t\t\t\t\t<\/div>\n\t\t<\/div>\n\t\t\t\t\t<\/div>\n\t\t<\/section>\n\t\t\t\t<section class=\"elementor-section elementor-top-section elementor-element elementor-element-7bd5a7e elementor-section-boxed elementor-section-height-default elementor-section-height-default\" data-id=\"7bd5a7e\" data-element_type=\"section\" data-settings=\"{&quot;_ha_eqh_enable&quot;:false}\">\n\t\t\t\t\t\t<div class=\"elementor-container elementor-column-gap-default\">\n\t\t\t\t\t<div class=\"elementor-column elementor-col-33 elementor-top-column elementor-element elementor-element-ac7cccf\" data-id=\"ac7cccf\" data-element_type=\"column\">\n\t\t\t<div class=\"elementor-widget-wrap elementor-element-populated\">\n\t\t\t\t\t\t<div class=\"elementor-element elementor-element-c519cc9 elementor-widget elementor-widget-image\" data-id=\"c519cc9\" data-element_type=\"widget\" data-widget_type=\"image.default\">\n\t\t\t\t<div class=\"elementor-widget-container\">\n\t\t\t\t\t\t\t\t\t\t\t\t\t\t\t<img fetchpriority=\"high\" decoding=\"async\" width=\"280\" height=\"300\" src=\"https:\/\/acourtofalsacesart.com\/wp-content\/uploads\/2021\/06\/61ECDE53-AF84-475C-B413-7F258890F8B8-1-280x300.jpeg\" class=\"attachment-medium size-medium wp-image-195\" alt=\"\" srcset=\"https:\/\/acourtofalsacesart.com\/wp-content\/uploads\/2021\/06\/61ECDE53-AF84-475C-B413-7F258890F8B8-1-280x300.jpeg 280w, https:\/\/acourtofalsacesart.com\/wp-content\/uploads\/2021\/06\/61ECDE53-AF84-475C-B413-7F258890F8B8-1-scaled-600x643.jpeg 600w\" sizes=\"(max-width: 280px) 100vw, 280px\" \/>\t\t\t\t\t\t\t\t\t\t\t\t\t\t\t<\/div>\n\t\t\t\t<\/div>\n\t\t\t\t\t<\/div>\n\t\t<\/div>\n\t\t\t\t<div class=\"elementor-column elementor-col-33 elementor-top-column elementor-element elementor-element-e6d66c6\" data-id=\"e6d66c6\" data-element_type=\"column\">\n\t\t\t<div class=\"elementor-widget-wrap elementor-element-populated\">\n\t\t\t\t\t\t<div class=\"elementor-element elementor-element-d356d9f elementor-widget elementor-widget-image\" data-id=\"d356d9f\" data-element_type=\"widget\" data-widget_type=\"image.default\">\n\t\t\t\t<div class=\"elementor-widget-container\">\n\t\t\t\t\t\t\t\t\t\t\t\t\t\t\t<img decoding=\"async\" width=\"269\" height=\"300\" data-src=\"https:\/\/acourtofalsacesart.com\/wp-content\/uploads\/2021\/06\/7B79B0C1-22CA-4E01-A221-7868C363CA37-1-269x300.jpeg\" class=\"attachment-medium size-medium wp-image-194 lazyload\" alt=\"\" data-srcset=\"https:\/\/acourtofalsacesart.com\/wp-content\/uploads\/2021\/06\/7B79B0C1-22CA-4E01-A221-7868C363CA37-1-269x300.jpeg 269w, https:\/\/acourtofalsacesart.com\/wp-content\/uploads\/2021\/06\/7B79B0C1-22CA-4E01-A221-7868C363CA37-1-scaled-600x670.jpeg 600w, https:\/\/acourtofalsacesart.com\/wp-content\/uploads\/2021\/06\/7B79B0C1-22CA-4E01-A221-7868C363CA37-1-917x1024.jpeg 917w\" data-sizes=\"(max-width: 269px) 100vw, 269px\" src=\"data:image\/svg+xml;base64,PHN2ZyB3aWR0aD0iMSIgaGVpZ2h0PSIxIiB4bWxucz0iaHR0cDovL3d3dy53My5vcmcvMjAwMC9zdmciPjwvc3ZnPg==\" style=\"--smush-placeholder-width: 269px; --smush-placeholder-aspect-ratio: 269\/300;\" \/>\t\t\t\t\t\t\t\t\t\t\t\t\t\t\t<\/div>\n\t\t\t\t<\/div>\n\t\t\t\t\t<\/div>\n\t\t<\/div>\n\t\t\t\t<div class=\"elementor-column elementor-col-33 elementor-top-column elementor-element elementor-element-5a6e8a2\" data-id=\"5a6e8a2\" data-element_type=\"column\">\n\t\t\t<div class=\"elementor-widget-wrap elementor-element-populated\">\n\t\t\t\t\t\t<div class=\"elementor-element elementor-element-eb0bbc5 elementor-widget elementor-widget-image\" data-id=\"eb0bbc5\" data-element_type=\"widget\" data-widget_type=\"image.default\">\n\t\t\t\t<div class=\"elementor-widget-container\">\n\t\t\t\t\t\t\t\t\t\t\t\t\t\t\t<img decoding=\"async\" width=\"225\" height=\"300\" data-src=\"https:\/\/acourtofalsacesart.com\/wp-content\/uploads\/2021\/06\/138EB3DA-4B9B-4046-A8E4-72C4DDE3B2F1-225x300.jpeg\" class=\"attachment-medium size-medium wp-image-191 lazyload\" alt=\"\" data-srcset=\"https:\/\/acourtofalsacesart.com\/wp-content\/uploads\/2021\/06\/138EB3DA-4B9B-4046-A8E4-72C4DDE3B2F1-225x300.jpeg 225w, https:\/\/acourtofalsacesart.com\/wp-content\/uploads\/2021\/06\/138EB3DA-4B9B-4046-A8E4-72C4DDE3B2F1-scaled-600x800.jpeg 600w, https:\/\/acourtofalsacesart.com\/wp-content\/uploads\/2021\/06\/138EB3DA-4B9B-4046-A8E4-72C4DDE3B2F1-768x1024.jpeg 768w, https:\/\/acourtofalsacesart.com\/wp-content\/uploads\/2021\/06\/138EB3DA-4B9B-4046-A8E4-72C4DDE3B2F1-1152x1536.jpeg 1152w, https:\/\/acourtofalsacesart.com\/wp-content\/uploads\/2021\/06\/138EB3DA-4B9B-4046-A8E4-72C4DDE3B2F1-1536x2048.jpeg 1536w, https:\/\/acourtofalsacesart.com\/wp-content\/uploads\/2021\/06\/138EB3DA-4B9B-4046-A8E4-72C4DDE3B2F1-45x60.jpeg 45w, https:\/\/acourtofalsacesart.com\/wp-content\/uploads\/2021\/06\/138EB3DA-4B9B-4046-A8E4-72C4DDE3B2F1-scaled.jpeg 1920w\" data-sizes=\"(max-width: 225px) 100vw, 225px\" src=\"data:image\/svg+xml;base64,PHN2ZyB3aWR0aD0iMSIgaGVpZ2h0PSIxIiB4bWxucz0iaHR0cDovL3d3dy53My5vcmcvMjAwMC9zdmciPjwvc3ZnPg==\" style=\"--smush-placeholder-width: 225px; --smush-placeholder-aspect-ratio: 225\/300;\" \/>\t\t\t\t\t\t\t\t\t\t\t\t\t\t\t<\/div>\n\t\t\t\t<\/div>\n\t\t\t\t\t<\/div>\n\t\t<\/div>\n\t\t\t\t\t<\/div>\n\t\t<\/section>\n\t\t\t\t<section class=\"elementor-section elementor-top-section elementor-element elementor-element-10fbdfa elementor-section-boxed elementor-section-height-default elementor-section-height-default\" data-id=\"10fbdfa\" data-element_type=\"section\" data-settings=\"{&quot;_ha_eqh_enable&quot;:false}\">\n\t\t\t\t\t\t<div class=\"elementor-container elementor-column-gap-default\">\n\t\t\t\t\t<div class=\"elementor-column elementor-col-100 elementor-top-column elementor-element elementor-element-56e3885\" data-id=\"56e3885\" data-element_type=\"column\">\n\t\t\t<div class=\"elementor-widget-wrap elementor-element-populated\">\n\t\t\t\t\t\t<div class=\"elementor-element elementor-element-8541b58 elementor-widget elementor-widget-spacer\" data-id=\"8541b58\" data-element_type=\"widget\" data-widget_type=\"spacer.default\">\n\t\t\t\t<div class=\"elementor-widget-container\">\n\t\t\t\t\t\t\t<div class=\"elementor-spacer\">\n\t\t\t<div class=\"elementor-spacer-inner\"><\/div>\n\t\t<\/div>\n\t\t\t\t\t\t<\/div>\n\t\t\t\t<\/div>\n\t\t\t\t\t<\/div>\n\t\t<\/div>\n\t\t\t\t\t<\/div>\n\t\t<\/section>\n\t\t\t\t<section class=\"elementor-section elementor-top-section elementor-element elementor-element-5f73c91 elementor-section-boxed elementor-section-height-default elementor-section-height-default\" data-id=\"5f73c91\" data-element_type=\"section\" data-settings=\"{&quot;_ha_eqh_enable&quot;:false}\">\n\t\t\t\t\t\t<div class=\"elementor-container elementor-column-gap-default\">\n\t\t\t\t\t<div class=\"elementor-column elementor-col-100 elementor-top-column elementor-element elementor-element-9074109\" data-id=\"9074109\" data-element_type=\"column\">\n\t\t\t<div class=\"elementor-widget-wrap elementor-element-populated\">\n\t\t\t\t\t\t<div class=\"elementor-element elementor-element-95936ab elementor-widget elementor-widget-heading\" data-id=\"95936ab\" data-element_type=\"widget\" data-widget_type=\"heading.default\">\n\t\t\t\t<div class=\"elementor-widget-container\">\n\t\t\t\t\t<p class=\"elementor-heading-title elementor-size-default\">B\u00fascanos en nuestras redes sociales y no te pierdas nada<\/p>\t\t\t\t<\/div>\n\t\t\t\t<\/div>\n\t\t\t\t\t<\/div>\n\t\t<\/div>\n\t\t\t\t\t<\/div>\n\t\t<\/section>\n\t\t\t\t<section class=\"elementor-section elementor-top-section elementor-element elementor-element-efcd029 elementor-section-boxed elementor-section-height-default elementor-section-height-default\" data-id=\"efcd029\" data-element_type=\"section\" data-settings=\"{&quot;_ha_eqh_enable&quot;:false}\">\n\t\t\t\t\t\t<div class=\"elementor-container elementor-column-gap-default\">\n\t\t\t\t\t<div class=\"elementor-column elementor-col-100 elementor-top-column elementor-element elementor-element-4d64a3f\" data-id=\"4d64a3f\" data-element_type=\"column\">\n\t\t\t<div class=\"elementor-widget-wrap elementor-element-populated\">\n\t\t\t\t\t\t<div class=\"elementor-element elementor-element-701c28a elementor-shape-rounded elementor-grid-0 e-grid-align-center elementor-widget elementor-widget-social-icons\" data-id=\"701c28a\" data-element_type=\"widget\" data-widget_type=\"social-icons.default\">\n\t\t\t\t<div class=\"elementor-widget-container\">\n\t\t\t\t\t\t\t<div class=\"elementor-social-icons-wrapper elementor-grid\">\n\t\t\t\t\t\t\t<span class=\"elementor-grid-item\">\n\t\t\t\t\t<a class=\"elementor-icon elementor-social-icon elementor-social-icon-instagram elementor-repeater-item-3acf63d\" href=\"https:\/\/www.instagram.com\/alsaces_art\/\" target=\"_blank\">\n\t\t\t\t\t\t<span class=\"elementor-screen-only\">Instagram<\/span>\n\t\t\t\t\t\t<i class=\"fab fa-instagram\"><\/i>\t\t\t\t\t<\/a>\n\t\t\t\t<\/span>\n\t\t\t\t\t<\/div>\n\t\t\t\t\t\t<\/div>\n\t\t\t\t<\/div>\n\t\t\t\t\t<\/div>\n\t\t<\/div>\n\t\t\t\t\t<\/div>\n\t\t<\/section>\n\t\t\t\t<\/div>\n\t\t","protected":false},"excerpt":{"rendered":"<p>Sobre m\u00ed \u00a1Hola! Me llamo Lorena, y soy la artista detr\u00e1s de A court of Alsace\u00b4s Art. \u00a0 Como podre\u00eds suponer por el nombre de la tienda, soy una lectora empedernida que adora la saga Una corte de rosas y espinas entre otras cosas. Soy una artista freelance que vive [&hellip;]<\/p>\n","protected":false},"author":1,"featured_media":0,"parent":0,"menu_order":0,"comment_status":"closed","ping_status":"closed","template":"page-templates\/template-fullwidth.php","meta":{"_mo_disable_npp":"","footnotes":""},"class_list":["post-2","page","type-page","status-publish","hentry"],"_links":{"self":[{"href":"https:\/\/acourtofalsacesart.com\/index.php\/wp-json\/wp\/v2\/pages\/2","targetHints":{"allow":["GET"]}}],"collection":[{"href":"https:\/\/acourtofalsacesart.com\/index.php\/wp-json\/wp\/v2\/pages"}],"about":[{"href":"https:\/\/acourtofalsacesart.com\/index.php\/wp-json\/wp\/v2\/types\/page"}],"author":[{"embeddable":true,"href":"https:\/\/acourtofalsacesart.com\/index.php\/wp-json\/wp\/v2\/users\/1"}],"replies":[{"embeddable":true,"href":"https:\/\/acourtofalsacesart.com\/index.php\/wp-json\/wp\/v2\/comments?post=2"}],"version-history":[{"count":13,"href":"https:\/\/acourtofalsacesart.com\/index.php\/wp-json\/wp\/v2\/pages\/2\/revisions"}],"predecessor-version":[{"id":2592,"href":"https:\/\/acourtofalsacesart.com\/index.php\/wp-json\/wp\/v2\/pages\/2\/revisions\/2592"}],"wp:attachment":[{"href":"https:\/\/acourtofalsacesart.com\/index.php\/wp-json\/wp\/v2\/media?parent=2"}],"curies":[{"name":"wp","href":"https:\/\/api.w.org\/{rel}","templated":true}]}}